{"id":239,"date":"2020-12-03T08:22:25","date_gmt":"2020-12-03T08:22:25","guid":{"rendered":"https:\/\/othnielsanvee.fr\/?page_id=239"},"modified":"2025-07-14T12:54:40","modified_gmt":"2025-07-14T12:54:40","slug":"blog-3","status":"publish","type":"page","link":"https:\/\/othnielsanvee.fr\/en\/blog-3\/","title":{"rendered":"My Blog"},"content":{"rendered":"<div data-elementor-type=\"wp-page\" data-elementor-id=\"239\" class=\"elementor elementor-239\">\n\t\t\t\t\t\t<section class=\"elementor-section elementor-top-section elementor-element elementor-element-c88f1e9 elementor-section-boxed elementor-section-height-default elementor-section-height-default\" data-id=\"c88f1e9\" data-element_type=\"section\">\n\t\t\t\t\t\t<div class=\"elementor-container elementor-column-gap-default\">\n\t\t\t\t\t<div class=\"elementor-column elementor-col-100 elementor-top-column elementor-element elementor-element-78183a8\" data-id=\"78183a8\" data-element_type=\"column\">\n\t\t\t<div class=\"elementor-widget-wrap elementor-element-populated\">\n\t\t\t\t\t\t<div class=\"elementor-element elementor-element-8a442a7 elementor-widget elementor-widget-wezen-blog-posts\" data-id=\"8a442a7\" data-element_type=\"widget\" data-widget_type=\"wezen-blog-posts.default\">\n\t\t\t\t<div class=\"elementor-widget-container\">\n\t\t\t\t\t\r\n\t\t<div class=\"blog-masonry two-columns clearfix\">\r\n\t\t    \t\t                        <!-- Blog Post 1427555 -->\r\n\t\t                        <div class=\"item post-1427555\">\r\n\t\t                          <div class=\"blog-card\">\r\n\t\t                            <div class=\"media-block\">\r\n\t\t                                <div class=\"category\">\r\n\t\t                                    <a href=\"https:\/\/othnielsanvee.fr\/en\/category\/automobile\/\" title=\"View all posts in Automobile\">Automobile<\/a> <a href=\"https:\/\/othnielsanvee.fr\/en\/category\/digital\/\" title=\"View all posts in Digital\">Digital<\/a> <a href=\"https:\/\/othnielsanvee.fr\/en\/category\/marketing\/\" title=\"View all posts in Marketing\">Marketing<\/a> <a href=\"https:\/\/othnielsanvee.fr\/en\/category\/reseau-social\/\" title=\"View all posts in R\u00e9seau social\">R\u00e9seau social<\/a> <a href=\"https:\/\/othnielsanvee.fr\/en\/category\/strategie-de-marque\/\" title=\"View all posts in Strat\u00e9gie de marque\">Strat\u00e9gie de marque<\/a>\t\t                                <\/div>\r\n\t\t                                <a href=\"https:\/\/othnielsanvee.fr\/en\/partage-autour-du-marketing-digital-chez-facebook-france-avec-seat\/\">\r\n\t\t                                    \t\t                                    <img fetchpriority=\"high\" decoding=\"async\" width=\"1280\" height=\"960\" src=\"https:\/\/othnielsanvee.fr\/wp-content\/uploads\/2017\/10\/othniel-sanvee-SEAT-Facebook.jpg\" class=\"attachment-blog-masonry-image-two-c size-blog-masonry-image-two-c wp-post-image\" alt=\"Marketing automobile : comment repositionner une marque dans un march\u00e9 satur\u00e9 ? L\u2019exemple de SEAT chez Facebook France\" title=\"\" srcset=\"https:\/\/othnielsanvee.fr\/wp-content\/uploads\/2017\/10\/othniel-sanvee-SEAT-Facebook.jpg 1280w, https:\/\/othnielsanvee.fr\/wp-content\/uploads\/2017\/10\/othniel-sanvee-SEAT-Facebook-300x225.jpg 300w, https:\/\/othnielsanvee.fr\/wp-content\/uploads\/2017\/10\/othniel-sanvee-SEAT-Facebook-1024x768.jpg 1024w, https:\/\/othnielsanvee.fr\/wp-content\/uploads\/2017\/10\/othniel-sanvee-SEAT-Facebook-768x576.jpg 768w\" sizes=\"(max-width: 1280px) 100vw, 1280px\" \/>\t\t                                    <div class=\"mask\"><\/div>\r\n\t\t                                <\/a>\r\n\t\t                            <\/div>\r\n\t\t                            <div class=\"post-info\">\r\n\t\t                                <div class=\"post-date\">21 Mar 2018<\/div>\r\n\t\t                                <a href=\"https:\/\/othnielsanvee.fr\/en\/partage-autour-du-marketing-digital-chez-facebook-france-avec-seat\/\"><h4 class=\"blog-item-title\">Marketing automobile : comment repositionner une marque dans un march\u00e9 satur\u00e9 ? L\u2019exemple de SEAT chez Facebook France<\/h4><\/a>\r\n\t\t                            <\/div>\r\n\t\t                          <\/div>\r\n\t\t                        <\/div>\r\n\t\t                        <!-- End of Blog Post 1427555 -->\r\n\t\t                    \t\t                        <!-- Blog Post 1427221 -->\r\n\t\t                        <div class=\"item post-1427221\">\r\n\t\t                          <div class=\"blog-card\">\r\n\t\t                            <div class=\"media-block\">\r\n\t\t                                <div class=\"category\">\r\n\t\t                                    <a href=\"https:\/\/othnielsanvee.fr\/en\/category\/marketing\/\" title=\"View all posts in Marketing\">Marketing<\/a> <a href=\"https:\/\/othnielsanvee.fr\/en\/category\/reseau-social\/\" title=\"View all posts in R\u00e9seau social\">R\u00e9seau social<\/a> <a href=\"https:\/\/othnielsanvee.fr\/en\/category\/site-internet\/\" title=\"View all posts in Sites internet\">Sites internet<\/a> <a href=\"https:\/\/othnielsanvee.fr\/en\/category\/strategie-de-marque\/\" title=\"View all posts in Strat\u00e9gie de marque\">Strat\u00e9gie de marque<\/a>\t\t                                <\/div>\r\n\t\t                                <a href=\"https:\/\/othnielsanvee.fr\/en\/la-e-reputation\/\">\r\n\t\t                                    \t\t                                    <img decoding=\"async\" width=\"1536\" height=\"1024\" src=\"https:\/\/othnielsanvee.fr\/wp-content\/uploads\/2017\/12\/image-ereputtation-othnielsanvee.png\" class=\"attachment-blog-masonry-image-two-c size-blog-masonry-image-two-c wp-post-image\" alt=\"Pourquoi l\u2019e-r\u00e9putation est un levier strat\u00e9gique incontournable pour les entreprises\" title=\"\" srcset=\"https:\/\/othnielsanvee.fr\/wp-content\/uploads\/2017\/12\/image-ereputtation-othnielsanvee.png 1536w, https:\/\/othnielsanvee.fr\/wp-content\/uploads\/2017\/12\/image-ereputtation-othnielsanvee-300x200.png 300w\" sizes=\"(max-width: 1536px) 100vw, 1536px\" \/>\t\t                                    <div class=\"mask\"><\/div>\r\n\t\t                                <\/a>\r\n\t\t                            <\/div>\r\n\t\t                            <div class=\"post-info\">\r\n\t\t                                <div class=\"post-date\">24 Dec 2017<\/div>\r\n\t\t                                <a href=\"https:\/\/othnielsanvee.fr\/en\/la-e-reputation\/\"><h4 class=\"blog-item-title\">Pourquoi l\u2019e-r\u00e9putation est un levier strat\u00e9gique incontournable pour les entreprises<\/h4><\/a>\r\n\t\t                            <\/div>\r\n\t\t                          <\/div>\r\n\t\t                        <\/div>\r\n\t\t                        <!-- End of Blog Post 1427221 -->\r\n\t\t                    \t\t                        <!-- Blog Post 1427217 -->\r\n\t\t                        <div class=\"item post-1427217\">\r\n\t\t                          <div class=\"blog-card\">\r\n\t\t                            <div class=\"media-block\">\r\n\t\t                                <div class=\"category\">\r\n\t\t                                    <a href=\"https:\/\/othnielsanvee.fr\/en\/category\/automobile\/\" title=\"View all posts in Automobile\">Automobile<\/a> <a href=\"https:\/\/othnielsanvee.fr\/en\/category\/digital\/\" title=\"View all posts in Digital\">Digital<\/a> <a href=\"https:\/\/othnielsanvee.fr\/en\/category\/marketing\/\" title=\"View all posts in Marketing\">Marketing<\/a>\t\t                                <\/div>\r\n\t\t                                <a href=\"https:\/\/othnielsanvee.fr\/en\/connect-2017-la-baule\/\">\r\n\t\t                                    \t\t                                    <img decoding=\"async\" width=\"1280\" height=\"853\" src=\"https:\/\/othnielsanvee.fr\/wp-content\/uploads\/2017\/10\/innovation-and-creative-idea-concept-2022-12-16-12-31-30-utc.jpg\" class=\"attachment-blog-masonry-image-two-c size-blog-masonry-image-two-c wp-post-image\" alt=\"#Connect 2017 &gt; La baule\" title=\"\" srcset=\"https:\/\/othnielsanvee.fr\/wp-content\/uploads\/2017\/10\/innovation-and-creative-idea-concept-2022-12-16-12-31-30-utc.jpg 1280w, https:\/\/othnielsanvee.fr\/wp-content\/uploads\/2017\/10\/innovation-and-creative-idea-concept-2022-12-16-12-31-30-utc-300x200.jpg 300w, https:\/\/othnielsanvee.fr\/wp-content\/uploads\/2017\/10\/innovation-and-creative-idea-concept-2022-12-16-12-31-30-utc-1024x682.jpg 1024w, https:\/\/othnielsanvee.fr\/wp-content\/uploads\/2017\/10\/innovation-and-creative-idea-concept-2022-12-16-12-31-30-utc-768x512.jpg 768w\" sizes=\"(max-width: 1280px) 100vw, 1280px\" \/>\t\t                                    <div class=\"mask\"><\/div>\r\n\t\t                                <\/a>\r\n\t\t                            <\/div>\r\n\t\t                            <div class=\"post-info\">\r\n\t\t                                <div class=\"post-date\">07 Oct 2017<\/div>\r\n\t\t                                <a href=\"https:\/\/othnielsanvee.fr\/en\/connect-2017-la-baule\/\"><h4 class=\"blog-item-title\">#Connect 2017 > La baule<\/h4><\/a>\r\n\t\t                            <\/div>\r\n\t\t                          <\/div>\r\n\t\t                        <\/div>\r\n\t\t                        <!-- End of Blog Post 1427217 -->\r\n\t\t                    \t\t                        <!-- Blog Post 1427617 -->\r\n\t\t                        <div class=\"item post-1427617\">\r\n\t\t                          <div class=\"blog-card\">\r\n\t\t                            <div class=\"media-block\">\r\n\t\t                                <div class=\"category\">\r\n\t\t                                    <a href=\"https:\/\/othnielsanvee.fr\/en\/category\/automobile\/\" title=\"View all posts in Automobile\">Automobile<\/a> <a href=\"https:\/\/othnielsanvee.fr\/en\/category\/marketing\/\" title=\"View all posts in Marketing\">Marketing<\/a> <a href=\"https:\/\/othnielsanvee.fr\/en\/category\/strategie-de-marque\/\" title=\"View all posts in Strat\u00e9gie de marque\">Strat\u00e9gie de marque<\/a>\t\t                                <\/div>\r\n\t\t                                <a href=\"https:\/\/othnielsanvee.fr\/en\/mon\/\">\r\n\t\t                                    \t\t                                    <img loading=\"lazy\" decoding=\"async\" width=\"1881\" height=\"1061\" src=\"https:\/\/othnielsanvee.fr\/wp-content\/uploads\/2017\/08\/Capture-decran-2023-08-02-a-12.13.34.png\" class=\"attachment-blog-masonry-image-two-c size-blog-masonry-image-two-c wp-post-image\" alt=\"Marketing Drive-to-Store : quand notre strat\u00e9gie sur Waze attire l\u2019attention de CAPITAL (M6)\" title=\"\" srcset=\"https:\/\/othnielsanvee.fr\/wp-content\/uploads\/2017\/08\/Capture-decran-2023-08-02-a-12.13.34.png 1881w, https:\/\/othnielsanvee.fr\/wp-content\/uploads\/2017\/08\/Capture-decran-2023-08-02-a-12.13.34-300x169.png 300w, https:\/\/othnielsanvee.fr\/wp-content\/uploads\/2017\/08\/Capture-decran-2023-08-02-a-12.13.34-1024x578.png 1024w, https:\/\/othnielsanvee.fr\/wp-content\/uploads\/2017\/08\/Capture-decran-2023-08-02-a-12.13.34-768x433.png 768w, https:\/\/othnielsanvee.fr\/wp-content\/uploads\/2017\/08\/Capture-decran-2023-08-02-a-12.13.34-1536x866.png 1536w\" sizes=\"(max-width: 1881px) 100vw, 1881px\" \/>\t\t                                    <div class=\"mask\"><\/div>\r\n\t\t                                <\/a>\r\n\t\t                            <\/div>\r\n\t\t                            <div class=\"post-info\">\r\n\t\t                                <div class=\"post-date\">02 Aug 2017<\/div>\r\n\t\t                                <a href=\"https:\/\/othnielsanvee.fr\/en\/mon\/\"><h4 class=\"blog-item-title\">Marketing Drive-to-Store : quand notre strat\u00e9gie sur Waze attire l\u2019attention de CAPITAL (M6)<\/h4><\/a>\r\n\t\t                            <\/div>\r\n\t\t                          <\/div>\r\n\t\t                        <\/div>\r\n\t\t                        <!-- End of Blog Post 1427617 -->\r\n\t\t                    \t\t                        <!-- Blog Post 1427500 -->\r\n\t\t                        <div class=\"item post-1427500\">\r\n\t\t                          <div class=\"blog-card\">\r\n\t\t                            <div class=\"media-block\">\r\n\t\t                                <div class=\"category\">\r\n\t\t                                    <a href=\"https:\/\/othnielsanvee.fr\/en\/category\/automobile\/\" title=\"View all posts in Automobile\">Automobile<\/a> <a href=\"https:\/\/othnielsanvee.fr\/en\/category\/marketing\/\" title=\"View all posts in Marketing\">Marketing<\/a> <a href=\"https:\/\/othnielsanvee.fr\/en\/category\/strategie-de-marque\/\" title=\"View all posts in Strat\u00e9gie de marque\">Strat\u00e9gie de marque<\/a>\t\t                                <\/div>\r\n\t\t                                <a href=\"https:\/\/othnielsanvee.fr\/en\/tour-de-france-2017-avec-skoda\/\">\r\n\t\t                                    \t\t                                    <img loading=\"lazy\" decoding=\"async\" width=\"1280\" height=\"853\" src=\"https:\/\/othnielsanvee.fr\/wp-content\/uploads\/2017\/07\/Tour_de_France_2017_Othniel_Sanvee.jpg\" class=\"attachment-blog-masonry-image-two-c size-blog-masonry-image-two-c wp-post-image\" alt=\"Skoda x Tour de France : quand le marketing rencontre la passion du sport\" title=\"\" srcset=\"https:\/\/othnielsanvee.fr\/wp-content\/uploads\/2017\/07\/Tour_de_France_2017_Othniel_Sanvee.jpg 1280w, https:\/\/othnielsanvee.fr\/wp-content\/uploads\/2017\/07\/Tour_de_France_2017_Othniel_Sanvee-300x200.jpg 300w, https:\/\/othnielsanvee.fr\/wp-content\/uploads\/2017\/07\/Tour_de_France_2017_Othniel_Sanvee-1024x682.jpg 1024w, https:\/\/othnielsanvee.fr\/wp-content\/uploads\/2017\/07\/Tour_de_France_2017_Othniel_Sanvee-768x512.jpg 768w\" sizes=\"(max-width: 1280px) 100vw, 1280px\" \/>\t\t                                    <div class=\"mask\"><\/div>\r\n\t\t                                <\/a>\r\n\t\t                            <\/div>\r\n\t\t                            <div class=\"post-info\">\r\n\t\t                                <div class=\"post-date\">16 Jul 2017<\/div>\r\n\t\t                                <a href=\"https:\/\/othnielsanvee.fr\/en\/tour-de-france-2017-avec-skoda\/\"><h4 class=\"blog-item-title\">Skoda x Tour de France : quand le marketing rencontre la passion du sport<\/h4><\/a>\r\n\t\t                            <\/div>\r\n\t\t                          <\/div>\r\n\t\t                        <\/div>\r\n\t\t                        <!-- End of Blog Post 1427500 -->\r\n\t\t                    \t\t                        <!-- Blog Post 1427647 -->\r\n\t\t                        <div class=\"item post-1427647\">\r\n\t\t                          <div class=\"blog-card\">\r\n\t\t                            <div class=\"media-block\">\r\n\t\t                                <div class=\"category\">\r\n\t\t                                    <a href=\"https:\/\/othnielsanvee.fr\/en\/category\/marketing\/\" title=\"View all posts in Marketing\">Marketing<\/a> <a href=\"https:\/\/othnielsanvee.fr\/en\/category\/strategie-de-marque\/\" title=\"View all posts in Strat\u00e9gie de marque\">Strat\u00e9gie de marque<\/a>\t\t                                <\/div>\r\n\t\t                                <a href=\"https:\/\/othnielsanvee.fr\/en\/participation-aux-audi-driving-experience\/\">\r\n\t\t                                    \t\t                                    <img loading=\"lazy\" decoding=\"async\" width=\"1280\" height=\"853\" src=\"https:\/\/othnielsanvee.fr\/wp-content\/uploads\/2017\/05\/Audi_Driving_Experience.jpg\" class=\"attachment-blog-masonry-image-two-c size-blog-masonry-image-two-c wp-post-image\" alt=\"Marketing \u00e9v\u00e9nementiel : cr\u00e9er des exp\u00e9riences m\u00e9morables pour marquer les esprits &#8211; Audi Driving Exp\u00e9rience\" title=\"\" srcset=\"https:\/\/othnielsanvee.fr\/wp-content\/uploads\/2017\/05\/Audi_Driving_Experience.jpg 1280w, https:\/\/othnielsanvee.fr\/wp-content\/uploads\/2017\/05\/Audi_Driving_Experience-300x200.jpg 300w, https:\/\/othnielsanvee.fr\/wp-content\/uploads\/2017\/05\/Audi_Driving_Experience-1024x682.jpg 1024w, https:\/\/othnielsanvee.fr\/wp-content\/uploads\/2017\/05\/Audi_Driving_Experience-768x512.jpg 768w\" sizes=\"(max-width: 1280px) 100vw, 1280px\" \/>\t\t                                    <div class=\"mask\"><\/div>\r\n\t\t                                <\/a>\r\n\t\t                            <\/div>\r\n\t\t                            <div class=\"post-info\">\r\n\t\t                                <div class=\"post-date\">17 May 2017<\/div>\r\n\t\t                                <a href=\"https:\/\/othnielsanvee.fr\/en\/participation-aux-audi-driving-experience\/\"><h4 class=\"blog-item-title\">Marketing \u00e9v\u00e9nementiel : cr\u00e9er des exp\u00e9riences m\u00e9morables pour marquer les esprits &#8211; Audi Driving Exp\u00e9rience<\/h4><\/a>\r\n\t\t                            <\/div>\r\n\t\t                          <\/div>\r\n\t\t                        <\/div>\r\n\t\t                        <!-- End of Blog Post 1427647 -->\r\n\t\t                    \t\t                        <!-- Blog Post 1427636 -->\r\n\t\t                        <div class=\"item post-1427636\">\r\n\t\t                          <div class=\"blog-card\">\r\n\t\t                            <div class=\"media-block\">\r\n\t\t                                <div class=\"category\">\r\n\t\t                                    <a href=\"https:\/\/othnielsanvee.fr\/en\/category\/automobile\/\" title=\"View all posts in Automobile\">Automobile<\/a> <a href=\"https:\/\/othnielsanvee.fr\/en\/category\/marketing\/\" title=\"View all posts in Marketing\">Marketing<\/a> <a href=\"https:\/\/othnielsanvee.fr\/en\/category\/strategie-de-marque\/\" title=\"View all posts in Strat\u00e9gie de marque\">Strat\u00e9gie de marque<\/a>\t\t                                <\/div>\r\n\t\t                                <a href=\"https:\/\/othnielsanvee.fr\/en\/1427636-2\/\">\r\n\t\t                                    \t\t                                    <img loading=\"lazy\" decoding=\"async\" width=\"1280\" height=\"853\" src=\"https:\/\/othnielsanvee.fr\/wp-content\/uploads\/2016\/07\/Othniel_Sanvee_Miss_France.jpg\" class=\"attachment-blog-masonry-image-two-c size-blog-masonry-image-two-c wp-post-image\" alt=\"500 000 Peugeot 2008 livr\u00e9es : retour sur un \u00e9v\u00e9nement marketing marquant chez Peugeot Val d\u2019Europe\" title=\"\" srcset=\"https:\/\/othnielsanvee.fr\/wp-content\/uploads\/2016\/07\/Othniel_Sanvee_Miss_France.jpg 1280w, https:\/\/othnielsanvee.fr\/wp-content\/uploads\/2016\/07\/Othniel_Sanvee_Miss_France-300x200.jpg 300w, https:\/\/othnielsanvee.fr\/wp-content\/uploads\/2016\/07\/Othniel_Sanvee_Miss_France-1024x682.jpg 1024w, https:\/\/othnielsanvee.fr\/wp-content\/uploads\/2016\/07\/Othniel_Sanvee_Miss_France-768x512.jpg 768w\" sizes=\"(max-width: 1280px) 100vw, 1280px\" \/>\t\t                                    <div class=\"mask\"><\/div>\r\n\t\t                                <\/a>\r\n\t\t                            <\/div>\r\n\t\t                            <div class=\"post-info\">\r\n\t\t                                <div class=\"post-date\">08 Jul 2016<\/div>\r\n\t\t                                <a href=\"https:\/\/othnielsanvee.fr\/en\/1427636-2\/\"><h4 class=\"blog-item-title\">500 000 Peugeot 2008 livr\u00e9es : retour sur un \u00e9v\u00e9nement marketing marquant chez Peugeot Val d\u2019Europe<\/h4><\/a>\r\n\t\t                            <\/div>\r\n\t\t                          <\/div>\r\n\t\t                        <\/div>\r\n\t\t                        <!-- End of Blog Post 1427636 -->\r\n\t\t                    \t\t                        <!-- Blog Post 1427201 -->\r\n\t\t                        <div class=\"item post-1427201\">\r\n\t\t                          <div class=\"blog-card\">\r\n\t\t                            <div class=\"media-block\">\r\n\t\t                                <div class=\"category\">\r\n\t\t                                    <a href=\"https:\/\/othnielsanvee.fr\/en\/category\/marketing\/\" title=\"View all posts in Marketing\">Marketing<\/a> <a href=\"https:\/\/othnielsanvee.fr\/en\/category\/strategie-de-marque\/\" title=\"View all posts in Strat\u00e9gie de marque\">Strat\u00e9gie de marque<\/a>\t\t                                <\/div>\r\n\t\t                                <a href=\"https:\/\/othnielsanvee.fr\/en\/strategie-marketing-drive-to-store-avec-waze\/\">\r\n\t\t                                    \t\t                                    <img loading=\"lazy\" decoding=\"async\" width=\"1281\" height=\"812\" src=\"https:\/\/othnielsanvee.fr\/wp-content\/uploads\/2015\/11\/Capture-decran-2023-08-01-a-13.42.44.png\" class=\"attachment-blog-masonry-image-two-c size-blog-masonry-image-two-c wp-post-image\" alt=\"Transformation digitale &#038; drive-to-store : mon intervention chez Google Paris avec Waze\" title=\"\" srcset=\"https:\/\/othnielsanvee.fr\/wp-content\/uploads\/2015\/11\/Capture-decran-2023-08-01-a-13.42.44.png 1281w, https:\/\/othnielsanvee.fr\/wp-content\/uploads\/2015\/11\/Capture-decran-2023-08-01-a-13.42.44-300x190.png 300w, https:\/\/othnielsanvee.fr\/wp-content\/uploads\/2015\/11\/Capture-decran-2023-08-01-a-13.42.44-1024x649.png 1024w, https:\/\/othnielsanvee.fr\/wp-content\/uploads\/2015\/11\/Capture-decran-2023-08-01-a-13.42.44-768x487.png 768w\" sizes=\"(max-width: 1281px) 100vw, 1281px\" \/>\t\t                                    <div class=\"mask\"><\/div>\r\n\t\t                                <\/a>\r\n\t\t                            <\/div>\r\n\t\t                            <div class=\"post-info\">\r\n\t\t                                <div class=\"post-date\">15 Nov 2015<\/div>\r\n\t\t                                <a href=\"https:\/\/othnielsanvee.fr\/en\/strategie-marketing-drive-to-store-avec-waze\/\"><h4 class=\"blog-item-title\">Transformation digitale &#038; drive-to-store : mon intervention chez Google Paris avec Waze<\/h4><\/a>\r\n\t\t                            <\/div>\r\n\t\t                          <\/div>\r\n\t\t                        <\/div>\r\n\t\t                        <!-- End of Blog Post 1427201 -->\r\n\t\t                    \t\t<\/div>\r\n\r\n\t\t\t\t            <a class=\"btn btn-primary\" href=\"https:\/\/othnielsanvee.fr\/en\/blog\/\">See All Posts<\/a>\r\n\t\t        \t\t\t\t<\/div>\n\t\t\t\t<\/div>\n\t\t\t\t\t<\/div>\n\t\t<\/div>\n\t\t\t\t\t<\/div>\n\t\t<\/section>\n\t\t\t\t<\/div>","protected":false},"excerpt":{"rendered":"<p>Dans un secteur automobile en pleine mutation, innover dans les strat\u00e9gies d\u2019acquisition locale devient indispensable. En tant que Responsable Marketing, CRM &amp; Digital, je cherchais \u00e0 tester une nouvelle approche du drive-to-store, plus fine, plus contextuelle, et surtout plus connect\u00e9e \u00e0 la r\u00e9alit\u00e9 des conducteurs. C\u2019est ainsi que je me suis tourn\u00e9 vers un acteur&#8230;<\/p>\n<p><a class=\"read-more\" href=\"https:\/\/othnielsanvee.fr\/en\/strategie-marketing-drive-to-store-avec-waze\/\">Read More<\/a><\/p>","protected":false},"author":2,"featured_media":0,"parent":0,"menu_order":0,"comment_status":"closed","ping_status":"closed","template":"","meta":{"footnotes":""},"class_list":["post-239","page","type-page","status-publish","hentry","has-post-thumbnail"],"_links":{"self":[{"href":"https:\/\/othnielsanvee.fr\/en\/wp-json\/wp\/v2\/pages\/239","targetHints":{"allow":["GET"]}}],"collection":[{"href":"https:\/\/othnielsanvee.fr\/en\/wp-json\/wp\/v2\/pages"}],"about":[{"href":"https:\/\/othnielsanvee.fr\/en\/wp-json\/wp\/v2\/types\/page"}],"author":[{"embeddable":true,"href":"https:\/\/othnielsanvee.fr\/en\/wp-json\/wp\/v2\/users\/2"}],"replies":[{"embeddable":true,"href":"https:\/\/othnielsanvee.fr\/en\/wp-json\/wp\/v2\/comments?post=239"}],"version-history":[{"count":6,"href":"https:\/\/othnielsanvee.fr\/en\/wp-json\/wp\/v2\/pages\/239\/revisions"}],"predecessor-version":[{"id":1427799,"href":"https:\/\/othnielsanvee.fr\/en\/wp-json\/wp\/v2\/pages\/239\/revisions\/1427799"}],"wp:attachment":[{"href":"https:\/\/othnielsanvee.fr\/en\/wp-json\/wp\/v2\/media?parent=239"}],"curies":[{"name":"wp","href":"https:\/\/api.w.org\/{rel}","templated":true}]}}